{"id":82,"date":"2025-02-18T16:15:50","date_gmt":"2025-02-18T16:15:50","guid":{"rendered":"https:\/\/cmep.be\/?page_id=82"},"modified":"2025-02-20T21:35:27","modified_gmt":"2025-02-20T21:35:27","slug":"cmep-anesthesie-et-hyperbare","status":"publish","type":"page","link":"https:\/\/cmep.be\/","title":{"rendered":"Dr Powis"},"content":{"rendered":"\t\t<div data-elementor-type=\"wp-page\" data-elementor-id=\"82\" class=\"elementor elementor-82\" data-elementor-post-type=\"page\">\n\t\t\t\t<div class=\"elementor-element elementor-element-yEXB4Vf e-flex e-con-boxed e-con e-parent\" data-id=\"yEXB4Vf\" data-element_type=\"container\" data-e-type=\"container\">\n\t\t\t\t\t<div class=\"e-con-inner\">\n\t\t\t\t<div class=\"elementor-element elementor-element-Oq32Kyl elementor-widget elementor-widget-heading\" data-id=\"Oq32Kyl\" data-element_type=\"widget\" data-e-type=\"widget\" data-widget_type=\"heading.default\">\n\t\t\t\t<div class=\"elementor-widget-container\">\n\t\t\t\t\t<h2 class=\"elementor-heading-title elementor-size-default\">Nos consultations<\/h2>\t\t\t\t<\/div>\n\t\t\t\t<\/div>\n\t\t<div class=\"elementor-element elementor-element-Tu5Lgk9 e-flex e-con-boxed e-con e-child\" data-id=\"Tu5Lgk9\" data-element_type=\"container\" data-e-type=\"container\">\n\t\t\t\t\t<div class=\"e-con-inner\">\n\t\t\t\t<div class=\"elementor-element elementor-element-aXTNbbg elementor-widget elementor-widget-heading\" data-id=\"aXTNbbg\" data-element_type=\"widget\" data-e-type=\"widget\" data-widget_type=\"heading.default\">\n\t\t\t\t<div class=\"elementor-widget-container\">\n\t\t\t\t\t<h5 class=\"elementor-heading-title elementor-size-default\">a kraainem (1950) <\/h5>\t\t\t\t<\/div>\n\t\t\t\t<\/div>\n\t\t\t\t<div class=\"elementor-element elementor-element-yXFwwX4 elementor-widget elementor-widget-text-editor\" data-id=\"yXFwwX4\" data-element_type=\"widget\" data-e-type=\"widget\" data-widget_type=\"text-editor.default\">\n\t\t\t\t<div class=\"elementor-widget-container\">\n\t\t\t\t\t\t\t\t\t<p>Chez CMEP, nous nous engageons \u00e0 offrir des soins de sant\u00e9 personnalis\u00e9s gr\u00e2ce \u00e0 notre expertise en anesth\u00e9siologie et en traitement hyperbare. D\u00e9couvrez notre gamme de services con\u00e7us pour votre s\u00e9curit\u00e9 et votre confort.<\/p>\t\t\t\t\t\t\t\t<\/div>\n\t\t\t\t<\/div>\n\t\t\t\t\t<\/div>\n\t\t\t\t<\/div>\n\t\t<div class=\"elementor-element elementor-element-IvcHZ5e e-flex e-con-boxed e-con e-child\" data-id=\"IvcHZ5e\" data-element_type=\"container\" data-e-type=\"container\">\n\t\t\t\t\t<div class=\"e-con-inner\">\n\t\t<div class=\"elementor-element elementor-element-K0GNk7p e-con-full e-flex e-con e-child\" data-id=\"K0GNk7p\" data-element_type=\"container\" data-e-type=\"container\">\n\t\t\t\t<div class=\"elementor-element elementor-element-JeV5xn4 elementor-tablet-position-block-start elementor-view-default elementor-position-block-start elementor-mobile-position-block-start elementor-widget elementor-widget-icon-box\" data-id=\"JeV5xn4\" data-element_type=\"widget\" data-e-type=\"widget\" data-widget_type=\"icon-box.default\">\n\t\t\t\t<div class=\"elementor-widget-container\">\n\t\t\t\t\t\t\t<div class=\"elementor-icon-box-wrapper\">\n\n\t\t\t\t\t\t<div class=\"elementor-icon-box-icon\">\n\t\t\t\t<a href=\"https:\/\/cmep.be\/index.php\/elementor-28\/\" class=\"elementor-icon\" tabindex=\"-1\" aria-label=\"Visite M\u00e9dical pour plongeur\">\n\t\t\t\t<svg aria-hidden=\"true\" class=\"e-font-icon-svg e-fab-octopus-deploy\" viewBox=\"0 0 512 512\" xmlns=\"http:\/\/www.w3.org\/2000\/svg\"><path d=\"M455.6,349.2c-45.891-39.09-36.67-77.877-16.095-128.11C475.16,134.04,415.967,34.14,329.93,8.3,237.04-19.6,134.252,24.341,99.677,117.147a180.862,180.862,0,0,0-10.988,73.544c1.733,29.543,14.717,52.97,24.09,80.3,17.2,50.161-28.1,92.743-66.662,117.582-46.806,30.2-36.319,39.857-8.428,41.858,23.378,1.68,44.478-4.548,65.265-15.045,9.2-4.647,40.687-18.931,45.13-28.588C135.9,413.388,111.122,459.5,126.621,488.9c19.1,36.229,67.112-31.77,76.709-45.812,8.591-12.572,42.963-81.279,63.627-46.926,18.865,31.361,8.6,76.391,35.738,104.622,32.854,34.2,51.155-18.312,51.412-44.221.163-16.411-6.1-95.852,29.9-59.944C405.428,418,436.912,467.8,472.568,463.642c38.736-4.516-22.123-67.967-28.262-78.695,5.393,4.279,53.665,34.128,53.818,9.52C498.234,375.678,468.039,359.8,455.6,349.2Z\"><\/path><\/svg>\t\t\t\t<\/a>\n\t\t\t<\/div>\n\t\t\t\n\t\t\t\t\t\t<div class=\"elementor-icon-box-content\">\n\n\t\t\t\t\t\t\t\t\t<h3 class=\"elementor-icon-box-title\">\n\t\t\t\t\t\t<a href=\"https:\/\/cmep.be\/index.php\/elementor-28\/\" >\n\t\t\t\t\t\t\tVisite M\u00e9dical pour plongeur\t\t\t\t\t\t<\/a>\n\t\t\t\t\t<\/h3>\n\t\t\t\t\n\t\t\t\t\t\t\t\t\t<p class=\"elementor-icon-box-description\">\n\t\t\t\t\t\tChez CMEP, nos experts en m\u00e9decine hyperbare r\u00e9alisent un examen complet incluant un bilan de sant\u00e9 d\u00e9taill\u00e9 et, si n\u00e9cessaire, des tests compl\u00e9mentaires. Assurez-vous une plong\u00e9e en toute s\u00e9r\u00e9nit\u00e9 avec un certificat m\u00e9dical adapt\u00e9 \u00e0 votre pratique.\t\t\t\t\t<\/p>\n\t\t\t\t\n\t\t\t<\/div>\n\t\t\t\n\t\t<\/div>\n\t\t\t\t\t\t<\/div>\n\t\t\t\t<\/div>\n\t\t\t\t<\/div>\n\t\t<div class=\"elementor-element elementor-element-8rddhlw e-con-full e-flex e-con e-child\" data-id=\"8rddhlw\" data-element_type=\"container\" data-e-type=\"container\">\n\t\t\t\t<div class=\"elementor-element elementor-element-PSdphjR elementor-tablet-position-block-start elementor-view-default elementor-position-block-start elementor-mobile-position-block-start elementor-widget elementor-widget-icon-box\" data-id=\"PSdphjR\" data-element_type=\"widget\" data-e-type=\"widget\" data-widget_type=\"icon-box.default\">\n\t\t\t\t<div class=\"elementor-widget-container\">\n\t\t\t\t\t\t\t<div class=\"elementor-icon-box-wrapper\">\n\n\t\t\t\t\t\t<div class=\"elementor-icon-box-icon\">\n\t\t\t\t<a href=\"https:\/\/cmep.be\/index.php\/anesthesie\/\" class=\"elementor-icon\" tabindex=\"-1\" aria-label=\"Consultations Pr\u00e9-Op\u00e9ratoire\">\n\t\t\t\t<svg aria-hidden=\"true\" class=\"e-font-icon-svg e-fas-stethoscope\" viewBox=\"0 0 512 512\" xmlns=\"http:\/\/www.w3.org\/2000\/svg\"><path d=\"M447.1 112c-34.2.5-62.3 28.4-63 62.6-.5 24.3 12.5 45.6 32 56.8V344c0 57.3-50.2 104-112 104-60 0-109.2-44.1-111.9-99.2C265 333.8 320 269.2 320 192V36.6c0-11.4-8.1-21.3-19.3-23.5L237.8.5c-13-2.6-25.6 5.8-28.2 18.8L206.4 35c-2.6 13 5.8 25.6 18.8 28.2l30.7 6.1v121.4c0 52.9-42.2 96.7-95.1 97.2-53.4.5-96.9-42.7-96.9-96V69.4l30.7-6.1c13-2.6 21.4-15.2 18.8-28.2l-3.1-15.7C107.7 6.4 95.1-2 82.1.6L19.3 13C8.1 15.3 0 25.1 0 36.6V192c0 77.3 55.1 142 128.1 156.8C130.7 439.2 208.6 512 304 512c97 0 176-75.4 176-168V231.4c19.1-11.1 32-31.7 32-55.4 0-35.7-29.2-64.5-64.9-64zm.9 80c-8.8 0-16-7.2-16-16s7.2-16 16-16 16 7.2 16 16-7.2 16-16 16z\"><\/path><\/svg>\t\t\t\t<\/a>\n\t\t\t<\/div>\n\t\t\t\n\t\t\t\t\t\t<div class=\"elementor-icon-box-content\">\n\n\t\t\t\t\t\t\t\t\t<h3 class=\"elementor-icon-box-title\">\n\t\t\t\t\t\t<a href=\"https:\/\/cmep.be\/index.php\/anesthesie\/\" >\n\t\t\t\t\t\t\tConsultations Pr\u00e9-Op\u00e9ratoire\t\t\t\t\t\t<\/a>\n\t\t\t\t\t<\/h3>\n\t\t\t\t\n\t\t\t\t\t\t\t\t\t<p class=\"elementor-icon-box-description\">\n\t\t\t\t\t\tChez CMEP, nos experts en anesth\u00e9siologie r\u00e9alisent un examen complet incluant un bilan de sant\u00e9 d\u00e9taill\u00e9 et, si n\u00e9cessaire, des tests compl\u00e9mentaires. Assurez-vous une op\u00e9ration en toute s\u00e9r\u00e9nit\u00e9 avec une \u00e9valuation pr\u00e9op\u00e9ratoire adapt\u00e9e \u00e0 votre \u00e9tat de sant\u00e9.\t\t\t\t\t<\/p>\n\t\t\t\t\n\t\t\t<\/div>\n\t\t\t\n\t\t<\/div>\n\t\t\t\t\t\t<\/div>\n\t\t\t\t<\/div>\n\t\t\t\t<\/div>\n\t\t\t\t\t<\/div>\n\t\t\t\t<\/div>\n\t\t\t\t\t<\/div>\n\t\t\t\t<\/div>\n\t\t\t\t<\/div>\n\t\t","protected":false},"excerpt":{"rendered":"<p>Nos consultations a kraainem (1950) Chez CMEP, nous nous engageons \u00e0 offrir des soins de sant\u00e9 personnalis\u00e9s gr\u00e2ce \u00e0 notre expertise en anesth\u00e9siologie et en traitement hyperbare. D\u00e9couvrez notre gamme de services con\u00e7us pour votre s\u00e9curit\u00e9 et votre confort. Visite M\u00e9dical pour plongeur Chez CMEP, nos experts en m\u00e9decine hyperbare r\u00e9alisent un examen complet incluant un bilan de sant\u00e9 d\u00e9taill\u00e9 et, si n\u00e9cessaire, des tests compl\u00e9mentaires. Assurez-vous une plong\u00e9e en toute s\u00e9r\u00e9nit\u00e9 avec un certificat m\u00e9dical adapt\u00e9 \u00e0 votre pratique. Consultations Pr\u00e9-Op\u00e9ratoire Chez CMEP, nos experts en anesth\u00e9siologie r\u00e9alisent un examen complet incluant un bilan de sant\u00e9 d\u00e9taill\u00e9 et, si n\u00e9cessaire, des tests compl\u00e9mentaires. Assurez-vous une op\u00e9ration en toute s\u00e9r\u00e9nit\u00e9 avec une \u00e9valuation pr\u00e9op\u00e9ratoire adapt\u00e9e \u00e0 votre \u00e9tat de sant\u00e9.<\/p>\n","protected":false},"author":1,"featured_media":0,"parent":0,"menu_order":0,"comment_status":"closed","ping_status":"closed","template":"elementor_header_footer","meta":{"footnotes":""},"class_list":["post-82","page","type-page","status-publish"],"_links":{"self":[{"href":"https:\/\/cmep.be\/index.php\/wp-json\/wp\/v2\/pages\/82","targetHints":{"allow":["GET"]}}],"collection":[{"href":"https:\/\/cmep.be\/index.php\/wp-json\/wp\/v2\/pages"}],"about":[{"href":"https:\/\/cmep.be\/index.php\/wp-json\/wp\/v2\/types\/page"}],"author":[{"embeddable":true,"href":"https:\/\/cmep.be\/index.php\/wp-json\/wp\/v2\/users\/1"}],"replies":[{"embeddable":true,"href":"https:\/\/cmep.be\/index.php\/wp-json\/wp\/v2\/comments?post=82"}],"version-history":[{"count":26,"href":"https:\/\/cmep.be\/index.php\/wp-json\/wp\/v2\/pages\/82\/revisions"}],"predecessor-version":[{"id":212,"href":"https:\/\/cmep.be\/index.php\/wp-json\/wp\/v2\/pages\/82\/revisions\/212"}],"wp:attachment":[{"href":"https:\/\/cmep.be\/index.php\/wp-json\/wp\/v2\/media?parent=82"}],"curies":[{"name":"wp","href":"https:\/\/api.w.org\/{rel}","templated":true}]}}