{"id":28,"date":"2025-02-17T22:38:40","date_gmt":"2025-02-17T22:38:40","guid":{"rendered":"https:\/\/cmep.be\/?page_id=28"},"modified":"2025-02-20T21:36:57","modified_gmt":"2025-02-20T21:36:57","slug":"elementor-28","status":"publish","type":"page","link":"https:\/\/cmep.be\/index.php\/elementor-28\/","title":{"rendered":"Hyperbare"},"content":{"rendered":"\t\t<div data-elementor-type=\"wp-post\" data-elementor-id=\"28\" class=\"elementor elementor-28\" data-elementor-post-type=\"page\">\n\t\t\t\t<div class=\"elementor-element elementor-element-240ccbf e-flex e-con-boxed e-con e-parent\" data-id=\"240ccbf\" data-element_type=\"container\" data-e-type=\"container\">\n\t\t\t\t\t<div class=\"e-con-inner\">\n\t\t\t\t<div class=\"elementor-element elementor-element-1a6f0df elementor-drop-cap-yes elementor-drop-cap-view-default elementor-widget elementor-widget-text-editor\" data-id=\"1a6f0df\" data-element_type=\"widget\" data-e-type=\"widget\" data-settings=\"{&quot;drop_cap&quot;:&quot;yes&quot;}\" data-widget_type=\"text-editor.default\">\n\t\t\t\t<div class=\"elementor-widget-container\">\n\t\t\t\t\t\t\t\t\t<h1 style=\"text-align: center;\" data-start=\"156\" data-end=\"235\"><strong data-start=\"158\" data-end=\"233\">Contr\u00f4le M\u00e9dical Avant Plong\u00e9e : S\u00e9curisez Votre Exp\u00e9rience Sous-Marine<\/strong><\/h1>\n<p data-start=\"237\" data-end=\"584\">La plong\u00e9e sous-marine est une activit\u00e9 passionnante, mais elle exige une condition physique optimale et une \u00e9valuation m\u00e9dicale rigoureuse. Avant d\u2019explorer les fonds marins, un contr\u00f4le m\u00e9dical sp\u00e9cialis\u00e9 en m\u00e9decine hyperbare est essentiel pour garantir votre s\u00e9curit\u00e9 et pr\u00e9venir tout risque li\u00e9 \u00e0 la pression et aux conditions sous-marines.<\/p>\t\t\t\t\t\t\t\t<\/div>\n\t\t\t\t<\/div>\n\t\t\t\t<div class=\"elementor-element elementor-element-218e7b3 elementor-widget elementor-widget-image\" data-id=\"218e7b3\" data-element_type=\"widget\" data-e-type=\"widget\" data-widget_type=\"image.default\">\n\t\t\t\t<div class=\"elementor-widget-container\">\n\t\t\t\t\t\t\t\t\t\t\t\t\t\t\t<img fetchpriority=\"high\" decoding=\"async\" width=\"768\" height=\"439\" src=\"https:\/\/cmep.be\/wp-content\/uploads\/2025\/02\/DALL\u00b7E-2025-02-17-23.55.25-A-professional-medical-examination-for-a-female-scuba-diver-before-diving.-The-scene-features-a-female-doctor-in-a-medical-clinic-wearing-a-white-coa-768x439.webp\" class=\"attachment-medium_large size-medium_large wp-image-40\" alt=\"\" srcset=\"https:\/\/cmep.be\/wp-content\/uploads\/2025\/02\/DALL\u00b7E-2025-02-17-23.55.25-A-professional-medical-examination-for-a-female-scuba-diver-before-diving.-The-scene-features-a-female-doctor-in-a-medical-clinic-wearing-a-white-coa-768x439.webp 768w, https:\/\/cmep.be\/wp-content\/uploads\/2025\/02\/DALL\u00b7E-2025-02-17-23.55.25-A-professional-medical-examination-for-a-female-scuba-diver-before-diving.-The-scene-features-a-female-doctor-in-a-medical-clinic-wearing-a-white-coa-300x171.webp 300w, https:\/\/cmep.be\/wp-content\/uploads\/2025\/02\/DALL\u00b7E-2025-02-17-23.55.25-A-professional-medical-examination-for-a-female-scuba-diver-before-diving.-The-scene-features-a-female-doctor-in-a-medical-clinic-wearing-a-white-coa-1024x585.webp 1024w, https:\/\/cmep.be\/wp-content\/uploads\/2025\/02\/DALL\u00b7E-2025-02-17-23.55.25-A-professional-medical-examination-for-a-female-scuba-diver-before-diving.-The-scene-features-a-female-doctor-in-a-medical-clinic-wearing-a-white-coa-1536x878.webp 1536w, https:\/\/cmep.be\/wp-content\/uploads\/2025\/02\/DALL\u00b7E-2025-02-17-23.55.25-A-professional-medical-examination-for-a-female-scuba-diver-before-diving.-The-scene-features-a-female-doctor-in-a-medical-clinic-wearing-a-white-coa.webp 1792w\" sizes=\"(max-width: 768px) 100vw, 768px\" \/>\t\t\t\t\t\t\t\t\t\t\t\t\t\t\t<\/div>\n\t\t\t\t<\/div>\n\t\t\t\t<div class=\"elementor-element elementor-element-de47636 elementor-widget elementor-widget-text-editor\" data-id=\"de47636\" data-element_type=\"widget\" data-e-type=\"widget\" data-widget_type=\"text-editor.default\">\n\t\t\t\t<div class=\"elementor-widget-container\">\n\t\t\t\t\t\t\t\t\t<h2 style=\"text-align: center;\" data-start=\"586\" data-end=\"642\"><strong data-start=\"589\" data-end=\"640\">Pourquoi un Contr\u00f4le M\u00e9dical Avant de Plonger ?<\/strong><\/h2><p data-start=\"644\" data-end=\"838\">Plonger en toute s\u00e9curit\u00e9 n\u00e9cessite une bonne adaptation du corps aux conditions de l\u2019environnement subaquatique. Un examen m\u00e9dical r\u00e9alis\u00e9 par un sp\u00e9cialiste en m\u00e9decine hyperbare permet de :<\/p><p data-start=\"840\" data-end=\"1279\">\u2705 <strong data-start=\"842\" data-end=\"881\">\u00c9valuer votre aptitude \u00e0 la plong\u00e9e<\/strong> : Identification des contre-indications m\u00e9dicales (probl\u00e8mes respiratoires, cardiovasculaires, ORL, etc.).<br data-start=\"988\" data-end=\"991\" \/>\u2705 <strong data-start=\"993\" data-end=\"1046\">Pr\u00e9venir les risques d\u2019accidents de d\u00e9compression<\/strong> : V\u00e9rification de votre \u00e9tat de sant\u00e9 pour minimiser les risques li\u00e9s aux variations de pression.<br data-start=\"1144\" data-end=\"1147\" \/>\u2705 <strong data-start=\"1149\" data-end=\"1197\">Optimiser votre performance et votre confort<\/strong> : Conseils personnalis\u00e9s pour adapter votre plong\u00e9e \u00e0 votre condition physique.<\/p>\t\t\t\t\t\t\t\t<\/div>\n\t\t\t\t<\/div>\n\t\t\t\t\t<\/div>\n\t\t\t\t<\/div>\n\t\t<div class=\"elementor-element elementor-element-106d0e3 e-flex e-con-boxed e-con e-parent\" data-id=\"106d0e3\" data-element_type=\"container\" data-e-type=\"container\">\n\t\t\t\t\t<div class=\"e-con-inner\">\n\t\t\t\t<div class=\"elementor-element elementor-element-01f97df elementor-widget elementor-widget-image\" data-id=\"01f97df\" data-element_type=\"widget\" data-e-type=\"widget\" data-widget_type=\"image.default\">\n\t\t\t\t<div class=\"elementor-widget-container\">\n\t\t\t\t\t\t\t\t\t\t\t\t\t\t\t<img decoding=\"async\" width=\"768\" height=\"512\" src=\"https:\/\/cmep.be\/wp-content\/uploads\/2025\/02\/plonge-medecin-bruxelles-768x512.webp\" class=\"attachment-medium_large size-medium_large wp-image-120\" alt=\"\" srcset=\"https:\/\/cmep.be\/wp-content\/uploads\/2025\/02\/plonge-medecin-bruxelles-768x512.webp 768w, https:\/\/cmep.be\/wp-content\/uploads\/2025\/02\/plonge-medecin-bruxelles-300x200.webp 300w, https:\/\/cmep.be\/wp-content\/uploads\/2025\/02\/plonge-medecin-bruxelles-1024x683.webp 1024w, https:\/\/cmep.be\/wp-content\/uploads\/2025\/02\/plonge-medecin-bruxelles.webp 1200w\" sizes=\"(max-width: 768px) 100vw, 768px\" \/>\t\t\t\t\t\t\t\t\t\t\t\t\t\t\t<\/div>\n\t\t\t\t<\/div>\n\t\t\t\t<div class=\"elementor-element elementor-element-cfca7f6 elementor-widget elementor-widget-text-editor\" data-id=\"cfca7f6\" data-element_type=\"widget\" data-e-type=\"widget\" data-widget_type=\"text-editor.default\">\n\t\t\t\t<div class=\"elementor-widget-container\">\n\t\t\t\t\t\t\t\t\t<h2 style=\"text-align: center;\" data-start=\"1281\" data-end=\"1318\"><strong data-start=\"1284\" data-end=\"1316\">D\u00e9roulement du Bilan M\u00e9dical<\/strong><\/h2><p data-start=\"1320\" data-end=\"1380\">Lors de la consultation, notre m\u00e9decin hyperbare r\u00e9alise :<\/p><p data-start=\"1382\" data-end=\"1788\">\ud83d\udd39 <strong data-start=\"1385\" data-end=\"1418\">Un entretien m\u00e9dical d\u00e9taill\u00e9<\/strong> : Ant\u00e9c\u00e9dents m\u00e9dicaux, \u00e9tat de sant\u00e9 g\u00e9n\u00e9ral, habitudes de plong\u00e9e.<br data-start=\"1487\" data-end=\"1490\" \/>\ud83d\udd39 <strong data-start=\"1493\" data-end=\"1526\">Un examen clinique approfondi<\/strong> : \u00c9valuation cardio-respiratoire, fonction ORL (sinus, oreilles), \u00e9tat neurologique et musculo-squelettique.<br data-start=\"1635\" data-end=\"1638\" \/>\ud83d\udd39 <strong data-start=\"1641\" data-end=\"1666\">Des tests sp\u00e9cifiques<\/strong> si n\u00e9cessaire : \u00c9preuves fonctionnelles respiratoires, \u00e9lectrocardiogramme, \u00e9valuation de l\u2019aptitude \u00e0 la compensation.<\/p><p data-start=\"1790\" data-end=\"1960\">\u00c0 l\u2019issue de cette \u00e9valuation, un certificat m\u00e9dical d\u2019aptitude \u00e0 la plong\u00e9e vous sera d\u00e9livr\u00e9 si votre \u00e9tat de sant\u00e9 est compatible avec la pratique de cette activit\u00e9.<\/p><p data-start=\"2613\" data-end=\"2731\">\u00a0<\/p>\t\t\t\t\t\t\t\t<\/div>\n\t\t\t\t<\/div>\n\t\t\t\t<div class=\"elementor-element elementor-element-b2e4127 elementor-widget elementor-widget-image\" data-id=\"b2e4127\" data-element_type=\"widget\" data-e-type=\"widget\" data-widget_type=\"image.default\">\n\t\t\t\t<div class=\"elementor-widget-container\">\n\t\t\t\t\t\t\t\t\t\t\t\t\t\t\t<img decoding=\"async\" width=\"768\" height=\"300\" src=\"https:\/\/cmep.be\/wp-content\/uploads\/2025\/02\/plongee_thailande.jpg-768x300.webp\" class=\"attachment-medium_large size-medium_large wp-image-42\" alt=\"\" srcset=\"https:\/\/cmep.be\/wp-content\/uploads\/2025\/02\/plongee_thailande.jpg-768x300.webp 768w, https:\/\/cmep.be\/wp-content\/uploads\/2025\/02\/plongee_thailande.jpg-300x117.webp 300w, https:\/\/cmep.be\/wp-content\/uploads\/2025\/02\/plongee_thailande.jpg-1024x400.webp 1024w, https:\/\/cmep.be\/wp-content\/uploads\/2025\/02\/plongee_thailande.jpg-1536x600.webp 1536w, https:\/\/cmep.be\/wp-content\/uploads\/2025\/02\/plongee_thailande.jpg.webp 1920w\" sizes=\"(max-width: 768px) 100vw, 768px\" \/>\t\t\t\t\t\t\t\t\t\t\t\t\t\t\t<\/div>\n\t\t\t\t<\/div>\n\t\t\t\t<div class=\"elementor-element elementor-element-b1e7990 elementor-widget elementor-widget-text-editor\" data-id=\"b1e7990\" data-element_type=\"widget\" data-e-type=\"widget\" data-widget_type=\"text-editor.default\">\n\t\t\t\t<div class=\"elementor-widget-container\">\n\t\t\t\t\t\t\t\t\t<h2 style=\"text-align: center;\" data-start=\"1962\" data-end=\"2006\"><strong data-start=\"1965\" data-end=\"2004\">Qui Doit Passer un Examen M\u00e9dical ?<\/strong><\/h2><p data-start=\"2008\" data-end=\"2361\">\ud83d\udd39 Tous les plongeurs, qu\u2019ils soient amateurs ou professionnels.<br data-start=\"2072\" data-end=\"2075\" \/>\ud83d\udd39 Les personnes pratiquant la plong\u00e9e en profondeur ou en apn\u00e9e.<br data-start=\"2140\" data-end=\"2143\" \/>\ud83d\udd39 Les plongeurs ayant des ant\u00e9c\u00e9dents m\u00e9dicaux particuliers ou ressentant des sympt\u00f4mes inhabituels apr\u00e8s une plong\u00e9e.<br data-start=\"2262\" data-end=\"2265\" \/>\ud83d\udd39 Toute personne souhaitant s\u2019assurer d\u2019\u00eatre en pleine forme avant une immersion sous-marine.<\/p><p data-start=\"2613\" data-end=\"2731\">\u00a0<\/p>\t\t\t\t\t\t\t\t<\/div>\n\t\t\t\t<\/div>\n\t\t\t\t<div class=\"elementor-element elementor-element-3f5f7e1 elementor-widget elementor-widget-image\" data-id=\"3f5f7e1\" data-element_type=\"widget\" data-e-type=\"widget\" data-widget_type=\"image.default\">\n\t\t\t\t<div class=\"elementor-widget-container\">\n\t\t\t\t\t\t\t\t\t\t\t\t\t\t\t<img loading=\"lazy\" decoding=\"async\" width=\"768\" height=\"384\" src=\"https:\/\/cmep.be\/wp-content\/uploads\/2025\/02\/plongee-martinique-1-768x384.png\" class=\"attachment-medium_large size-medium_large wp-image-43\" alt=\"\" srcset=\"https:\/\/cmep.be\/wp-content\/uploads\/2025\/02\/plongee-martinique-1-768x384.png 768w, https:\/\/cmep.be\/wp-content\/uploads\/2025\/02\/plongee-martinique-1-300x150.png 300w, https:\/\/cmep.be\/wp-content\/uploads\/2025\/02\/plongee-martinique-1.png 1000w\" sizes=\"(max-width: 768px) 100vw, 768px\" \/>\t\t\t\t\t\t\t\t\t\t\t\t\t\t\t<\/div>\n\t\t\t\t<\/div>\n\t\t\t\t<div class=\"elementor-element elementor-element-097ef48 elementor-widget elementor-widget-text-editor\" data-id=\"097ef48\" data-element_type=\"widget\" data-e-type=\"widget\" data-widget_type=\"text-editor.default\">\n\t\t\t\t<div class=\"elementor-widget-container\">\n\t\t\t\t\t\t\t\t\t<h2 style=\"text-align: center;\" data-start=\"2363\" data-end=\"2408\"><strong data-start=\"2366\" data-end=\"2406\">Prenez Rendez-vous D\u00e8s Aujourd\u2019hui !<\/strong><\/h2><p data-start=\"2410\" data-end=\"2611\">Assurez votre s\u00e9curit\u00e9 et plongez en toute s\u00e9r\u00e9nit\u00e9 gr\u00e2ce \u00e0 une \u00e9valuation m\u00e9dicale sp\u00e9cialis\u00e9e. Notre \u00e9quipe de m\u00e9decins hyperbares vous accompagne pour une prise en charge adapt\u00e9e et personnalis\u00e9e.<\/p><p style=\"text-align: center;\" data-start=\"2613\" data-end=\"2731\">\ud83d\udccd <strong data-start=\"2616\" data-end=\"2634\">Contactez-nous<\/strong> pour planifier votre consultation et obtenir votre certificat m\u00e9dical d\u2019aptitude \u00e0 la plong\u00e9e.<\/p>\t\t\t\t\t\t\t\t<\/div>\n\t\t\t\t<\/div>\n\t\t\t\t\t<\/div>\n\t\t\t\t<\/div>\n\t\t<div class=\"elementor-element elementor-element-a64d002 e-flex e-con-boxed e-con e-parent\" data-id=\"a64d002\" data-element_type=\"container\" data-e-type=\"container\">\n\t\t\t\t\t<div class=\"e-con-inner\">\n\t\t\t\t<div class=\"elementor-element elementor-element-61f5909 elementor-widget elementor-widget-html\" data-id=\"61f5909\" data-element_type=\"widget\" data-e-type=\"widget\" data-widget_type=\"html.default\">\n\t\t\t\t<div class=\"elementor-widget-container\">\n\t\t\t\t\t<!DOCTYPE html>\n<html lang=\"fr\">\n<head>\n    <meta charset=\"UTF-8\">\n    <meta name=\"viewport\" content=\"width=device-width, initial-scale=1.0\">\n    <title>Agenda Int\u00e9gr\u00e9<\/title>\n    <style>\n        body {\n            margin: 0;\n            padding: 20px;\n            text-align: center;\n        }\n        .iframe-container {\n            width: 100%;\n            height: 80vh;\n        }\n        iframe {\n            width: 100%;\n            height: 100%;\n            border: none;\n        }\n    <\/style>\n<\/head>\n<body>\n    <h1>Bienvenue sur l'Agenda<\/h1>\n    <p>Veuillez choisir un cr\u00e9neau disponible :<\/p>\n    <div class=\"iframe-container\">\n        <iframe src=\"https:\/\/agenda.mediris.be\/appointments?agenda=198b3948-6b54-4fe6-9bf0-a222e8566db7&careprovider=35a21ebe-14a2-4d59-8799-9d7b9b2061d8&location=df80fb8a-0655-4536-affe-025b40260416\"><\/iframe>\n    <\/div>\n<\/body>\n<\/html>\n\t\t\t\t<\/div>\n\t\t\t\t<\/div>\n\t\t\t\t\t<\/div>\n\t\t\t\t<\/div>\n\t\t\t\t<\/div>\n\t\t","protected":false},"excerpt":{"rendered":"<p>Contr\u00f4le M\u00e9dical Avant Plong\u00e9e : S\u00e9curisez Votre Exp\u00e9rience Sous-Marine La plong\u00e9e sous-marine est une activit\u00e9 passionnante, mais elle exige une condition physique optimale et une \u00e9valuation m\u00e9dicale rigoureuse. Avant d\u2019explorer les fonds marins, un contr\u00f4le m\u00e9dical sp\u00e9cialis\u00e9 en m\u00e9decine hyperbare est essentiel pour garantir votre s\u00e9curit\u00e9 et pr\u00e9venir tout risque li\u00e9 \u00e0 la pression et aux conditions sous-marines. Pourquoi un Contr\u00f4le M\u00e9dical Avant de Plonger ? Plonger en toute s\u00e9curit\u00e9 n\u00e9cessite une bonne adaptation du corps aux conditions de l\u2019environnement subaquatique. Un examen m\u00e9dical r\u00e9alis\u00e9 par un sp\u00e9cialiste en m\u00e9decine hyperbare permet de : \u2705 \u00c9valuer votre aptitude \u00e0 la plong\u00e9e : Identification des contre-indications m\u00e9dicales (probl\u00e8mes respiratoires, cardiovasculaires, ORL, etc.).\u2705 Pr\u00e9venir les risques d\u2019accidents de d\u00e9compression : V\u00e9rification de votre \u00e9tat de sant\u00e9 pour minimiser les risques li\u00e9s aux variations de pression.\u2705 Optimiser votre performance et votre confort : Conseils personnalis\u00e9s pour adapter votre plong\u00e9e \u00e0 votre condition physique.&hellip;<\/p>\n<p> <a class=\"more-link\" href=\"https:\/\/cmep.be\/index.php\/elementor-28\/\">Lire la suite<\/a><\/p>\n","protected":false},"author":1,"featured_media":61,"parent":0,"menu_order":0,"comment_status":"closed","ping_status":"closed","template":"","meta":{"footnotes":""},"class_list":["post-28","page","type-page","status-publish","has-post-thumbnail"],"_links":{"self":[{"href":"https:\/\/cmep.be\/index.php\/wp-json\/wp\/v2\/pages\/28","targetHints":{"allow":["GET"]}}],"collection":[{"href":"https:\/\/cmep.be\/index.php\/wp-json\/wp\/v2\/pages"}],"about":[{"href":"https:\/\/cmep.be\/index.php\/wp-json\/wp\/v2\/types\/page"}],"author":[{"embeddable":true,"href":"https:\/\/cmep.be\/index.php\/wp-json\/wp\/v2\/users\/1"}],"replies":[{"embeddable":true,"href":"https:\/\/cmep.be\/index.php\/wp-json\/wp\/v2\/comments?post=28"}],"version-history":[{"count":23,"href":"https:\/\/cmep.be\/index.php\/wp-json\/wp\/v2\/pages\/28\/revisions"}],"predecessor-version":[{"id":213,"href":"https:\/\/cmep.be\/index.php\/wp-json\/wp\/v2\/pages\/28\/revisions\/213"}],"wp:featuredmedia":[{"embeddable":true,"href":"https:\/\/cmep.be\/index.php\/wp-json\/wp\/v2\/media\/61"}],"wp:attachment":[{"href":"https:\/\/cmep.be\/index.php\/wp-json\/wp\/v2\/media?parent=28"}],"curies":[{"name":"wp","href":"https:\/\/api.w.org\/{rel}","templated":true}]}}